{"id":556,"date":"2023-09-22T18:58:22","date_gmt":"2023-09-22T23:58:22","guid":{"rendered":"https:\/\/jesteck.com\/Tienda\/?post_type=product&#038;p=556"},"modified":"2023-09-22T18:58:22","modified_gmt":"2023-09-22T23:58:22","slug":"ssd-sata-wd-green-480gb","status":"publish","type":"product","link":"https:\/\/jesteck.com\/Tienda\/producto\/ssd-sata-wd-green-480gb\/","title":{"rendered":"SSD SATA WD GREEN 480GB"},"content":{"rendered":"<body><p><strong>Rendimiento mejorado para la inform\u00e1tica<\/strong><br>\ndiaria Con el aumento de rendimiento de un SSD SATA WD Green, puede navegar por la web, jugar un juego o simplemente iniciar su sistema en un instante.<\/p>\n<p><strong>Fiabilidad<\/strong><br>\nde estado s\u00f3lido Ligeras y resistentes a los golpes, las SSD WD Green no utilizan piezas m\u00f3viles y ayudan a mantener sus datos a salvo de p\u00e9rdidas en caso de golpes y ca\u00eddas accidentales.<\/p>\n<p><strong>Menos potencia. M\u00e1s juego.<\/strong><br>\n<a href=\"http:\/\/westerndigital.com\/\">Las SSD WD Green<\/a>\u00a0se encuentran entre las unidades de menor consumo de energ\u00eda de la industria. Y con menos energ\u00eda utilizada, su computadora port\u00e1til funciona por m\u00e1s tiempo.<\/p>\n<\/body>","protected":false},"excerpt":{"rendered":"<p>Rendimiento mejorado para la inform\u00e1tica diaria Con el aumento de rendimiento de un SSD SATA WD Green, puede navegar por la web, jugar un juego o simplemente iniciar su sistema en un instante. Fiabilidad de estado s\u00f3lido Ligeras y resistentes a los golpes, las SSD WD Green no utilizan piezas m\u00f3viles y ayudan a mantener &hellip;<\/p>\n<p class=\"read-more\"> <a class=\" thunk-readmore button \" href=\"https:\/\/jesteck.com\/Tienda\/producto\/ssd-sata-wd-green-480gb\/\"> <span class=\"screen-reader-text\">SSD SATA WD GREEN 480GB<\/span>Leer m\u00e1s<\/a><\/p>\n","protected":false},"featured_media":557,"comment_status":"open","ping_status":"closed","template":"","meta":{"om_disable_all_campaigns":false},"product_brand":[],"product_cat":[62,155],"product_tag":[],"class_list":{"0":"post-556","1":"product","2":"type-product","3":"status-publish","4":"has-post-thumbnail","6":"product_cat-disco-ssd","7":"product_cat-western-digital","8":"thunk-woo-product-list","9":"opn-qv-enable","10":"open-woo-hover-zoom","11":"open-single-product-tab-horizontal","12":"open-shadow-","13":"open-shadow-hover-","15":"first","16":"instock","17":"shipping-taxable","18":"purchasable","19":"product-type-simple"},"_links":{"self":[{"href":"https:\/\/jesteck.com\/Tienda\/wp-json\/wp\/v2\/product\/556","targetHints":{"allow":["GET"]}}],"collection":[{"href":"https:\/\/jesteck.com\/Tienda\/wp-json\/wp\/v2\/product"}],"about":[{"href":"https:\/\/jesteck.com\/Tienda\/wp-json\/wp\/v2\/types\/product"}],"replies":[{"embeddable":true,"href":"https:\/\/jesteck.com\/Tienda\/wp-json\/wp\/v2\/comments?post=556"}],"wp:featuredmedia":[{"embeddable":true,"href":"https:\/\/jesteck.com\/Tienda\/wp-json\/wp\/v2\/media\/557"}],"wp:attachment":[{"href":"https:\/\/jesteck.com\/Tienda\/wp-json\/wp\/v2\/media?parent=556"}],"wp:term":[{"taxonomy":"product_brand","embeddable":true,"href":"https:\/\/jesteck.com\/Tienda\/wp-json\/wp\/v2\/product_brand?post=556"},{"taxonomy":"product_cat","embeddable":true,"href":"https:\/\/jesteck.com\/Tienda\/wp-json\/wp\/v2\/product_cat?post=556"},{"taxonomy":"product_tag","embeddable":true,"href":"https:\/\/jesteck.com\/Tienda\/wp-json\/wp\/v2\/product_tag?post=556"}],"curies":[{"name":"wp","href":"https:\/\/api.w.org\/{rel}","templated":true}]}}