{"id":552,"date":"2023-09-22T18:51:05","date_gmt":"2023-09-22T23:51:05","guid":{"rendered":"https:\/\/jesteck.com\/Tienda\/?post_type=product&#038;p=552"},"modified":"2023-09-22T18:51:10","modified_gmt":"2023-09-22T23:51:10","slug":"ssd-m-2-kingston-500gb","status":"publish","type":"product","link":"https:\/\/jesteck.com\/Tienda\/producto\/ssd-m-2-kingston-500gb\/","title":{"rendered":"SSD M.2 KINGSTON 500GB"},"content":{"rendered":"","protected":false},"excerpt":{"rendered":"<p>El SSD PCIe NVMe NVMe\u2122 de Kingston es una soluci\u00f3n de almacenamiento sustancial que ofrece velocidades de lectura \/ escritura 1 de hasta 1,2 \/\u00a0<span class=\"footnote-sub\" data-original=\"{{Footnote.N61477}}\">100,1<\/span>\u00a0MB \/ s, que es de 700 a 3 veces m\u00e1s r\u00e1pido que un SSD basado en SATA y 4 veces m\u00e1s r\u00e1pido que un disco duro tradicional. NV35 funciona con menor potencia, menor calor y un tiempo de carga m\u00e1s r\u00e1pido. El rendimiento eficiente y el dise\u00f1o M.1 2 (2280x22mm) de una sola cara hacen que NV80 sea ideal para port\u00e1tiles delgados y sistemas con espacio limitado.<\/p>\n","protected":false},"featured_media":553,"comment_status":"open","ping_status":"closed","template":"","meta":{"om_disable_all_campaigns":false},"product_brand":[],"product_cat":[62,95,96],"product_tag":[],"class_list":{"0":"post-552","1":"product","2":"type-product","3":"status-publish","4":"has-post-thumbnail","6":"product_cat-disco-ssd","7":"product_cat-kingston","8":"product_cat-m-2","9":"thunk-woo-product-list","10":"opn-qv-enable","11":"open-woo-hover-zoom","12":"open-single-product-tab-horizontal","13":"open-shadow-","14":"open-shadow-hover-","16":"first","17":"instock","18":"shipping-taxable","19":"purchasable","20":"product-type-simple"},"_links":{"self":[{"href":"https:\/\/jesteck.com\/Tienda\/wp-json\/wp\/v2\/product\/552","targetHints":{"allow":["GET"]}}],"collection":[{"href":"https:\/\/jesteck.com\/Tienda\/wp-json\/wp\/v2\/product"}],"about":[{"href":"https:\/\/jesteck.com\/Tienda\/wp-json\/wp\/v2\/types\/product"}],"replies":[{"embeddable":true,"href":"https:\/\/jesteck.com\/Tienda\/wp-json\/wp\/v2\/comments?post=552"}],"wp:featuredmedia":[{"embeddable":true,"href":"https:\/\/jesteck.com\/Tienda\/wp-json\/wp\/v2\/media\/553"}],"wp:attachment":[{"href":"https:\/\/jesteck.com\/Tienda\/wp-json\/wp\/v2\/media?parent=552"}],"wp:term":[{"taxonomy":"product_brand","embeddable":true,"href":"https:\/\/jesteck.com\/Tienda\/wp-json\/wp\/v2\/product_brand?post=552"},{"taxonomy":"product_cat","embeddable":true,"href":"https:\/\/jesteck.com\/Tienda\/wp-json\/wp\/v2\/product_cat?post=552"},{"taxonomy":"product_tag","embeddable":true,"href":"https:\/\/jesteck.com\/Tienda\/wp-json\/wp\/v2\/product_tag?post=552"}],"curies":[{"name":"wp","href":"https:\/\/api.w.org\/{rel}","templated":true}]}}