{"id":550,"date":"2023-09-22T18:46:35","date_gmt":"2023-09-22T23:46:35","guid":{"rendered":"https:\/\/jesteck.com\/Tienda\/?post_type=product&#038;p=550"},"modified":"2023-09-22T18:47:02","modified_gmt":"2023-09-22T23:47:02","slug":"adata-ec700g-m-2-sata-pcle-ssd-enclosure-usb3-2","status":"publish","type":"product","link":"https:\/\/jesteck.com\/Tienda\/producto\/adata-ec700g-m-2-sata-pcle-ssd-enclosure-usb3-2\/","title":{"rendered":"ADATA EC700G M.2 SATA\/Pcle SSD ENCLOSURE &#8211; USB3.2"},"content":{"rendered":"","protected":false},"excerpt":{"rendered":"<p>El gabinete Adata EC700G M.2 PCIe \/ SATA SSD, dise\u00f1o geom\u00e9trico elegante con iluminaci\u00f3n RGB, compatible con SSD PCIe y SATA, admite m\u00faltiples tama\u00f1os de SSD M.2, admite USB 3.2 Gen2 Type-C, 112 x 45 x 12.24mm<\/p>\n","protected":false},"featured_media":551,"comment_status":"open","ping_status":"closed","template":"","meta":{"om_disable_all_campaigns":false},"product_brand":[],"product_cat":[154,150],"product_tag":[],"class_list":{"0":"post-550","1":"product","2":"type-product","3":"status-publish","4":"has-post-thumbnail","6":"product_cat-adata-enclosure","7":"product_cat-enclosure","8":"thunk-woo-product-list","9":"opn-qv-enable","10":"open-woo-hover-zoom","11":"open-single-product-tab-horizontal","12":"open-shadow-","13":"open-shadow-hover-","15":"first","16":"instock","17":"shipping-taxable","18":"purchasable","19":"product-type-simple"},"_links":{"self":[{"href":"https:\/\/jesteck.com\/Tienda\/wp-json\/wp\/v2\/product\/550","targetHints":{"allow":["GET"]}}],"collection":[{"href":"https:\/\/jesteck.com\/Tienda\/wp-json\/wp\/v2\/product"}],"about":[{"href":"https:\/\/jesteck.com\/Tienda\/wp-json\/wp\/v2\/types\/product"}],"replies":[{"embeddable":true,"href":"https:\/\/jesteck.com\/Tienda\/wp-json\/wp\/v2\/comments?post=550"}],"wp:featuredmedia":[{"embeddable":true,"href":"https:\/\/jesteck.com\/Tienda\/wp-json\/wp\/v2\/media\/551"}],"wp:attachment":[{"href":"https:\/\/jesteck.com\/Tienda\/wp-json\/wp\/v2\/media?parent=550"}],"wp:term":[{"taxonomy":"product_brand","embeddable":true,"href":"https:\/\/jesteck.com\/Tienda\/wp-json\/wp\/v2\/product_brand?post=550"},{"taxonomy":"product_cat","embeddable":true,"href":"https:\/\/jesteck.com\/Tienda\/wp-json\/wp\/v2\/product_cat?post=550"},{"taxonomy":"product_tag","embeddable":true,"href":"https:\/\/jesteck.com\/Tienda\/wp-json\/wp\/v2\/product_tag?post=550"}],"curies":[{"name":"wp","href":"https:\/\/api.w.org\/{rel}","templated":true}]}}