{"id":464,"date":"2022-04-03T11:16:55","date_gmt":"2022-04-03T16:16:55","guid":{"rendered":"https:\/\/jesteck.com\/Tienda\/?post_type=product&#038;p=464"},"modified":"2022-04-06T09:57:21","modified_gmt":"2022-04-06T14:57:21","slug":"teclado-quasad-qkm-g80-mecanico","status":"publish","type":"product","link":"https:\/\/jesteck.com\/Tienda\/producto\/teclado-quasad-qkm-g80-mecanico\/","title":{"rendered":"TECLADO QUASAD QKM-G80 Mec\u00e1nico"},"content":{"rendered":"<body><div id=\"tw-target-text-container\" class=\"tw-ta-container F0azHf tw-nfl\" tabindex=\"0\">\n<pre id=\"tw-target-text\" class=\"tw-data-text tw-text-large tw-ta\" dir=\"ltr\" data-placeholder=\"Traducci\u00f3n\"><span class=\"Y2IQFc\" lang=\"es\">Teclado mec\u00e1nico tama\u00f1o completo iluminaci\u00f3n 9 Modos de luz cables de desplazamiento USB-A Negro<\/span><\/pre>\n<\/div>\n<\/body>","protected":false},"excerpt":{"rendered":"<table>\n<tbody>\n<tr>\n<td width=\"566\">Teclado mec\u00e1nico retroiluminado con cable<\/td>\n<\/tr>\n<tr>\n<td width=\"566\">El teclado mec\u00e1nico es un teclado flash de alta velocidad<\/td>\n<\/tr>\n<tr>\n<td width=\"566\">Con 9 modos de iluminaci\u00f3n<\/td>\n<\/tr>\n<tr>\n<td width=\"566\">Modos MCU de alta velocidad<\/td>\n<\/tr>\n<tr>\n<td width=\"566\">MCU puede admitir el modelo de tiempo libre y el modo de suspensi\u00f3n<\/td>\n<\/tr>\n<tr>\n<td width=\"566\">Sable de datos Ram incorporado y flash de 16Kx8Bit<\/td>\n<\/tr>\n<tr>\n<td width=\"566\">12 teclas de acceso r\u00e1pido multimedia<\/td>\n<\/tr>\n<tr>\n<td width=\"566\">5 millones de pulsaciones en tecla<\/td>\n<\/tr>\n<tr>\n<td width=\"566\">Voltaje: 33V &#8211; 5.5V<\/td>\n<\/tr>\n<tr>\n<td width=\"566\">Blue Switches<\/td>\n<\/tr>\n<\/tbody>\n<\/table>\n","protected":false},"featured_media":471,"comment_status":"open","ping_status":"closed","template":"","meta":{"om_disable_all_campaigns":false},"product_brand":[],"product_cat":[146,147,145],"product_tag":[],"class_list":{"0":"post-464","1":"product","2":"type-product","3":"status-publish","4":"has-post-thumbnail","6":"product_cat-mecanicos","7":"product_cat-quasad","8":"product_cat-teclado-gaming","9":"thunk-woo-product-list","10":"opn-qv-enable","11":"open-woo-hover-zoom","12":"open-single-product-tab-horizontal","13":"open-shadow-","14":"open-shadow-hover-","16":"first","17":"onbackorder","18":"sale","19":"shipping-taxable","20":"purchasable","21":"product-type-simple"},"_links":{"self":[{"href":"https:\/\/jesteck.com\/Tienda\/wp-json\/wp\/v2\/product\/464","targetHints":{"allow":["GET"]}}],"collection":[{"href":"https:\/\/jesteck.com\/Tienda\/wp-json\/wp\/v2\/product"}],"about":[{"href":"https:\/\/jesteck.com\/Tienda\/wp-json\/wp\/v2\/types\/product"}],"replies":[{"embeddable":true,"href":"https:\/\/jesteck.com\/Tienda\/wp-json\/wp\/v2\/comments?post=464"}],"wp:featuredmedia":[{"embeddable":true,"href":"https:\/\/jesteck.com\/Tienda\/wp-json\/wp\/v2\/media\/471"}],"wp:attachment":[{"href":"https:\/\/jesteck.com\/Tienda\/wp-json\/wp\/v2\/media?parent=464"}],"wp:term":[{"taxonomy":"product_brand","embeddable":true,"href":"https:\/\/jesteck.com\/Tienda\/wp-json\/wp\/v2\/product_brand?post=464"},{"taxonomy":"product_cat","embeddable":true,"href":"https:\/\/jesteck.com\/Tienda\/wp-json\/wp\/v2\/product_cat?post=464"},{"taxonomy":"product_tag","embeddable":true,"href":"https:\/\/jesteck.com\/Tienda\/wp-json\/wp\/v2\/product_tag?post=464"}],"curies":[{"name":"wp","href":"https:\/\/api.w.org\/{rel}","templated":true}]}}