{"id":463,"date":"2022-03-31T19:54:29","date_gmt":"2022-04-01T00:54:29","guid":{"rendered":"https:\/\/jesteck.com\/Tienda\/?post_type=product&#038;p=463"},"modified":"2023-05-29T15:20:41","modified_gmt":"2023-05-29T20:20:41","slug":"impresora-todo-en-uno-hp-smart-tank-515-inalambrica","status":"publish","type":"product","link":"https:\/\/jesteck.com\/Tienda\/producto\/impresora-todo-en-uno-hp-smart-tank-515-inalambrica\/","title":{"rendered":"Impresora Todo-en-Uno HP Smart Tank 515 inal\u00e1mbrica"},"content":{"rendered":"<body><table class=\"table table-bordered table-steps\">\n<tbody valign=\"top\">\n<tr>\n<td rowspan=\"1\" align=\"left\" valign=\"top\">\n<div class=\"para\"><strong class=\"bold\">Puertos<\/strong><\/div>\n<\/td>\n<td rowspan=\"1\" align=\"left\" valign=\"top\">\n<div class=\"para\">USB\u00a02.0 de alta velocidad, Wi-Fi, Bluetooth LE<\/div>\n<\/td>\n<\/tr>\n<tr>\n<td rowspan=\"1\" align=\"left\" valign=\"top\">\n<div class=\"para\"><strong class=\"bold\">Capacidad inal\u00e1mbrica<\/strong><\/div>\n<\/td>\n<td rowspan=\"1\" align=\"left\" valign=\"top\">\n<div class=\"para\">S\u00ed, Wifi 802.11b\/g\/n de doble banda, impresi\u00f3n directa inal\u00e1mbrica y BLE incorporados<\/div>\n<\/td>\n<\/tr>\n<\/tbody>\n<\/table>\n<table class=\"table table-bordered table-steps\">\n<tbody valign=\"top\">\n<tr>\n<td rowspan=\"1\" align=\"left\" valign=\"top\">\n<div class=\"para\"><strong class=\"bold\">Configuraciones de copia<\/strong><\/div>\n<\/td>\n<td rowspan=\"1\" align=\"left\" valign=\"top\">\n<div class=\"para\">Cantidad de copias, Cambiar de tama\u00f1o, Calidad, M\u00e1s claro\/m\u00e1s oscuro, Tama\u00f1o de papel, Tipo de papel, Copia de ID, Mejora<\/div>\n<\/td>\n<\/tr>\n<tr>\n<td rowspan=\"1\" align=\"left\" valign=\"top\">\n<div class=\"para\"><strong class=\"bold\">Capacidad de copia en color<\/strong><\/div>\n<\/td>\n<td rowspan=\"1\" align=\"left\" valign=\"top\">\n<div class=\"para\">S\u00ed<\/div>\n<\/td>\n<\/tr>\n<tr>\n<td rowspan=\"1\" align=\"left\" valign=\"top\">\n<div class=\"para\"><strong class=\"bold\">N\u00famero m\u00e1ximo de copias<\/strong><\/div>\n<\/td>\n<td rowspan=\"1\" align=\"left\" valign=\"top\">\n<div class=\"para\">Hasta 99 copias<\/div>\n<\/td>\n<\/tr>\n<tr>\n<td rowspan=\"1\" align=\"left\" valign=\"top\">\n<div class=\"para\"><strong class=\"bold\">Resoluci\u00f3n de copia<\/strong><\/div>\n<\/td>\n<td rowspan=\"1\" align=\"left\" valign=\"top\">\n<div class=\"para\">Hasta 600\u00a0ppp<\/div>\n<\/td>\n<\/tr>\n<\/tbody>\n<\/table>\n<table class=\"table table-bordered table-steps\">\n<tbody valign=\"top\">\n<tr>\n<td rowspan=\"1\" align=\"left\" valign=\"top\">\n<div class=\"para\"><strong class=\"bold\">Emisiones de potencia ac\u00fastica<\/strong><\/div>\n<\/td>\n<td rowspan=\"1\" align=\"left\" valign=\"top\">\n<div class=\"para\">6,5 B(A)<\/div>\n<\/td>\n<\/tr>\n<tr>\n<td rowspan=\"1\" align=\"left\" valign=\"top\">\n<div class=\"para\"><strong class=\"bold\">Emisiones de presi\u00f3n ac\u00fastica<\/strong><\/div>\n<\/td>\n<td rowspan=\"1\" align=\"left\" valign=\"top\">\n<div class=\"para\">51\u00a0dB<\/div>\n<\/td>\n<\/tr>\n<tr>\n<td rowspan=\"1\" align=\"left\" valign=\"top\">\n<div class=\"para\"><strong class=\"bold\">Intervalo de humedad en funcionamiento<\/strong><\/div>\n<\/td>\n<td rowspan=\"1\" align=\"left\" valign=\"top\">\n<div class=\"para\">De 20 a 80% HR<\/div>\n<\/td>\n<\/tr>\n<tr>\n<td rowspan=\"1\" align=\"left\" valign=\"top\">\n<div class=\"para\"><strong class=\"bold\">Humedad durante almacenamiento<\/strong><\/div>\n<\/td>\n<td rowspan=\"1\" align=\"left\" valign=\"top\">\n<div class=\"para\">5 a 90% de HR (sin condensaci\u00f3n)<\/div>\n<\/td>\n<\/tr>\n<tr>\n<td rowspan=\"1\" align=\"left\" valign=\"top\">\n<div class=\"para\"><strong class=\"bold\">Rango de temperatura de operaci\u00f3n recomendada (Celsius)<\/strong><\/div>\n<\/td>\n<td rowspan=\"1\" align=\"left\" valign=\"top\">\n<div class=\"para\">15 a 30\u00b0C<\/div>\n<\/td>\n<\/tr>\n<tr>\n<td rowspan=\"1\" align=\"left\" valign=\"top\">\n<div class=\"para\"><strong class=\"bold\">Rango de temperatura de operaci\u00f3n recomendada (Fahrenheit)<\/strong><\/div>\n<\/td>\n<td rowspan=\"1\" align=\"left\" valign=\"top\">\n<div class=\"para\">59 a 86\u00b0F<\/div>\n<\/td>\n<\/tr>\n<tr>\n<td rowspan=\"1\" align=\"left\" valign=\"top\">\n<div class=\"para\"><strong class=\"bold\">Rango de temperatura de almacenamiento (Celsius)<\/strong><\/div>\n<\/td>\n<td rowspan=\"1\" align=\"left\" valign=\"top\">\n<div class=\"para\">-40 a 60\u00b0C<\/div>\n<\/td>\n<\/tr>\n<tr>\n<td rowspan=\"1\" align=\"left\" valign=\"top\">\n<div class=\"para\"><strong class=\"bold\">Rango de temperatura de almacenamiento (Fahrenheit)<\/strong><\/div>\n<\/td>\n<td rowspan=\"1\" align=\"left\" valign=\"top\">\n<div class=\"para\">De -40 a 140\u00b0 F<\/div>\n<\/td>\n<\/tr>\n<tr>\n<td rowspan=\"1\" align=\"left\" valign=\"top\">\n<div class=\"para\"><strong class=\"bold\">Especificaciones medioambientales<\/strong><\/div>\n<\/td>\n<td rowspan=\"1\" align=\"left\" valign=\"top\">\n<div class=\"para\">No<\/div>\n<\/td>\n<\/tr>\n<\/tbody>\n<\/table>\n<table class=\"table table-bordered table-steps\">\n<tbody valign=\"top\">\n<tr>\n<td rowspan=\"1\" align=\"left\" valign=\"top\">\n<div class=\"para\"><strong class=\"bold\">Soporte de handset telef\u00f3nico<\/strong><\/div>\n<\/td>\n<td rowspan=\"1\" align=\"left\" valign=\"top\">\n<div class=\"para\">No<\/div>\n<\/td>\n<\/tr>\n<\/tbody>\n<\/table>\n<table class=\"table table-bordered table-steps\">\n<tbody valign=\"top\">\n<tr>\n<td rowspan=\"1\" align=\"left\" valign=\"top\">\n<div class=\"para\"><strong class=\"bold\">Memoria, est\u00e1ndar<\/strong><\/div>\n<\/td>\n<td rowspan=\"1\" align=\"left\" valign=\"top\">\n<div class=\"para\">256 MB; Memoria integrada<\/div>\n<\/td>\n<\/tr>\n<tr>\n<td rowspan=\"1\" align=\"left\" valign=\"top\">\n<div class=\"para\"><strong class=\"bold\">Memoria, m\u00e1xima<\/strong><\/div>\n<\/td>\n<td rowspan=\"1\" align=\"left\" valign=\"top\">\n<div class=\"para\">256 MB<\/div>\n<\/td>\n<\/tr>\n<tr>\n<td rowspan=\"1\" align=\"left\" valign=\"top\">\n<div class=\"para\"><strong class=\"bold\">Compatibilidad con tarjetas de memoria<\/strong><\/div>\n<\/td>\n<td rowspan=\"1\" align=\"left\" valign=\"top\">\n<div class=\"para\">No<\/div>\n<\/td>\n<\/tr>\n<\/tbody>\n<\/table>\n<table class=\"table table-bordered table-steps\">\n<tbody valign=\"top\">\n<tr>\n<td rowspan=\"1\" align=\"left\" valign=\"top\">\n<div class=\"para\"><strong class=\"bold\">Servicios de impresi\u00f3n m\u00f3vil<\/strong><\/div>\n<\/td>\n<td rowspan=\"1\" align=\"left\" valign=\"top\">\n<div class=\"para\">Aplicaci\u00f3n HP Smart; Apple AirPrint\u2122; HP ePrint; Certificaci\u00f3n Mopria\u2122<\/div>\n<\/td>\n<\/tr>\n<\/tbody>\n<\/table>\n<table class=\"table table-bordered table-steps\">\n<tbody valign=\"top\">\n<tr>\n<td rowspan=\"1\" align=\"left\" valign=\"top\">\n<div class=\"para\"><strong class=\"bold\">Protocolos de red, admitidos<\/strong><\/div>\n<\/td>\n<td rowspan=\"1\" align=\"left\" valign=\"top\">\n<div class=\"para\">9100, SNMP, SLP, IPP, Impresi\u00f3n WS, Inal\u00e1mbrica, LPR<\/div>\n<\/td>\n<\/tr>\n<\/tbody>\n<\/table>\n<table class=\"table table-bordered table-steps\">\n<tbody valign=\"top\">\n<tr>\n<td rowspan=\"1\" align=\"left\" valign=\"top\">\n<div class=\"para\"><strong class=\"bold\">Capacidad de entrada<\/strong><\/div>\n<\/td>\n<td rowspan=\"1\" align=\"left\" valign=\"top\">\n<div class=\"para\">Hasta 100 hojas<\/div>\n<\/td>\n<\/tr>\n<tr>\n<td rowspan=\"1\" align=\"left\" valign=\"top\">\n<div class=\"para\"><strong class=\"bold\">Capacidad de entrada de papel de serie (tarjetas)<\/strong><\/div>\n<\/td>\n<td rowspan=\"1\" align=\"left\" valign=\"top\">\n<div class=\"para\">Hasta 30 tarjetas<\/div>\n<\/td>\n<\/tr>\n<tr>\n<td rowspan=\"1\" align=\"left\" valign=\"top\">\n<div class=\"para\"><strong class=\"bold\">Capacidad de entrada est\u00e1ndar (sobres)<\/strong><\/div>\n<\/td>\n<td rowspan=\"1\" align=\"left\" valign=\"top\">\n<div class=\"para\">Hasta 10<\/div>\n<\/td>\n<\/tr>\n<tr>\n<td rowspan=\"1\" align=\"left\" valign=\"top\">\n<div class=\"para\"><strong class=\"bold\">Capacidad de salida<\/strong><\/div>\n<\/td>\n<td rowspan=\"1\" align=\"left\" valign=\"top\">\n<div class=\"para\">Hasta 30 hojas<\/div>\n<\/td>\n<\/tr>\n<tr>\n<td rowspan=\"1\" align=\"left\" valign=\"top\">\n<div class=\"para\"><strong class=\"bold\">Tama\u00f1os compatibles del material (sistema m\u00e9trico)<\/strong><\/div>\n<\/td>\n<td rowspan=\"1\" align=\"left\" valign=\"top\">\n<div class=\"para\">A4; B5; A6; Sobre DL, legal<\/div>\n<\/td>\n<\/tr>\n<tr>\n<td rowspan=\"1\" align=\"left\" valign=\"top\">\n<div class=\"para\"><strong class=\"bold\">Tama\u00f1os compatibles del material (sistema est\u00e1ndar de Estados\u00a0Unidos)<\/strong><\/div>\n<\/td>\n<td rowspan=\"1\" align=\"left\" valign=\"top\">\n<div class=\"para\">Carta; legal; 4 x 6 pulg.; 5 x 7 pulg.; 8 x 10 pulg.; Hasta 10 sobres<\/div>\n<\/td>\n<\/tr>\n<tr>\n<td rowspan=\"1\" align=\"left\" valign=\"top\">\n<div class=\"para\"><strong class=\"bold\">Tama\u00f1os del material, personalizados (sistema m\u00e9trico)<\/strong><\/div>\n<\/td>\n<td rowspan=\"1\" align=\"left\" valign=\"top\">\n<div class=\"para\">76,2 x 127 a 215,9 x 355,6 mm<\/div>\n<\/td>\n<\/tr>\n<tr>\n<td rowspan=\"1\" align=\"left\" valign=\"top\">\n<div class=\"para\"><strong class=\"bold\">Tama\u00f1os del material, personalizados (sistema est\u00e1ndar de Estados\u00a0Unidos)<\/strong><\/div>\n<\/td>\n<td rowspan=\"1\" align=\"left\" valign=\"top\">\n<div class=\"para\">3 x 5 a 8,5 x 14 pulgadas<\/div>\n<\/td>\n<\/tr>\n<tr>\n<td rowspan=\"1\" align=\"left\" valign=\"top\">\n<div class=\"para\"><strong class=\"bold\">Tipos de soportes<\/strong><\/div>\n<\/td>\n<td rowspan=\"1\" align=\"left\" valign=\"top\">\n<div class=\"para\">Papel com\u00fan, Papeles para folletos mate, Papeles para folletos con brillo, Papeles fotogr\u00e1ficos, Sobres, Otros papeles especiales de inyecci\u00f3n de tinta<\/div>\n<\/td>\n<\/tr>\n<tr>\n<td rowspan=\"1\" align=\"left\" valign=\"top\">\n<div class=\"para\"><strong class=\"bold\">Peso compatible del material (sistema m\u00e9trico)<\/strong><\/div>\n<\/td>\n<td rowspan=\"1\" align=\"left\" valign=\"top\">\n<div class=\"para\">Papel normal: 60 a 90\u00a0g\/m\u00b2; Sobres: 75 a 90\u00a0g\/m\u00b2; Tarjetas: hasta 200\u00a0g\/m\u00b2; Papel fotogr\u00e1fico: hasta 300\u00a0g\/m\u00b2<\/div>\n<\/td>\n<\/tr>\n<tr>\n<td rowspan=\"1\" align=\"left\" valign=\"top\">\n<div class=\"para\"><strong class=\"bold\">Peso compatible del material (sistema est\u00e1ndar de Estados\u00a0Unidos)<\/strong><\/div>\n<\/td>\n<td rowspan=\"1\" align=\"left\" valign=\"top\">\n<div class=\"para\">20 lb<\/div>\n<\/td>\n<\/tr>\n<tr>\n<td rowspan=\"1\" align=\"left\" valign=\"top\">\n<div class=\"para\"><strong class=\"bold\">Impresi\u00f3n sin bordes<\/strong><\/div>\n<\/td>\n<td rowspan=\"1\" align=\"left\" valign=\"top\">\n<div class=\"para\">S\u00ed (hasta 8,5 x 11 pulgadas, 210 x 297 mm)<\/div>\n<\/td>\n<\/tr>\n<\/tbody>\n<\/table>\n<table class=\"table table-bordered table-steps\">\n<tbody valign=\"top\">\n<tr>\n<td rowspan=\"1\" align=\"left\" valign=\"top\">\n<div class=\"para\"><strong class=\"bold\">Tama\u00f1os del material, doble cara (sistema est\u00e1ndar de Estados\u00a0Unidos)<\/strong><\/div>\n<\/td>\n<td rowspan=\"1\" align=\"left\" valign=\"top\">\n<div class=\"para\">Carta; Ejecutivo<\/div>\n<\/td>\n<\/tr>\n<\/tbody>\n<\/table>\n<table class=\"table table-bordered table-steps\">\n<tbody valign=\"top\">\n<tr>\n<td rowspan=\"1\" align=\"left\" valign=\"top\">\n<div class=\"para\"><strong class=\"bold\">Dimensiones m\u00e1ximas (An x Pr x Al, sistema m\u00e9trico)<\/strong><\/div>\n<\/td>\n<td rowspan=\"1\" align=\"left\" valign=\"top\">\n<div class=\"para\">449\u00a0x\u00a0605.65\u00a0x\u00a0258.7 mm<\/div>\n<\/td>\n<\/tr>\n<tr>\n<td rowspan=\"1\" align=\"left\" valign=\"top\">\n<div class=\"para\"><strong class=\"bold\">Dimensiones m\u00e1ximas (An x Pr x Al, sistema est\u00e1ndar de Estados\u00a0Unidos)<\/strong><\/div>\n<\/td>\n<td rowspan=\"1\" align=\"left\" valign=\"top\">\n<div class=\"para\">17,7 x 23,8 x 10,18 pulgadas<\/div>\n<\/td>\n<\/tr>\n<tr>\n<td rowspan=\"1\" align=\"left\" valign=\"top\">\n<div class=\"para\"><strong class=\"bold\">Peso (sistema m\u00e9trico)<\/strong><\/div>\n<\/td>\n<td rowspan=\"1\" align=\"left\" valign=\"top\">\n<div class=\"para\">5,14 kg<\/div>\n<\/td>\n<\/tr>\n<tr>\n<td rowspan=\"1\" align=\"left\" valign=\"top\">\n<div class=\"para\"><strong class=\"bold\">Peso (sistema est\u00e1ndar de Estados\u00a0Unidos)<\/strong><\/div>\n<\/td>\n<td rowspan=\"1\" align=\"left\" valign=\"top\">\n<div class=\"para\">11,31 lb<\/div>\n<\/td>\n<\/tr>\n<\/tbody>\n<\/table>\n<table class=\"table table-bordered table-steps\">\n<tbody valign=\"top\">\n<tr>\n<td rowspan=\"1\" align=\"left\" valign=\"top\">\n<div class=\"para\"><strong class=\"bold\">Tecnolog\u00eda de recurso de ahorro de energ\u00eda<\/strong><\/div>\n<\/td>\n<td rowspan=\"1\" align=\"left\" valign=\"top\">\n<div class=\"para\">Tecnolog\u00eda HP Auto-Off<\/div>\n<\/td>\n<\/tr>\n<tr>\n<td rowspan=\"1\" align=\"left\" valign=\"top\">\n<div class=\"para\"><strong class=\"bold\">Tipo de fuente de alimentaci\u00f3n<\/strong><\/div>\n<\/td>\n<td rowspan=\"1\" align=\"left\" valign=\"top\">\n<div class=\"para\">Interno integrado<\/div>\n<\/td>\n<\/tr>\n<tr>\n<td rowspan=\"1\" align=\"left\" valign=\"top\">\n<div class=\"para\"><strong class=\"bold\">Fuente de alimentaci\u00f3n<\/strong><\/div>\n<\/td>\n<td rowspan=\"1\" align=\"left\" valign=\"top\">\n<div class=\"para\">Voltaje de entrada 100 a 240 VCA (+\/- 10%), 50\/60 Hz (+\/- 3 Hz). Alto voltaje: Voltaje de entrada 200 a 240 VCA (+\/- 10%), 50\/60 Hz (+\/- 3 Hz)<\/div>\n<\/td>\n<\/tr>\n<tr>\n<td rowspan=\"1\" align=\"left\" valign=\"top\">\n<div class=\"para\"><strong class=\"bold\">Consumo de energ\u00eda<\/strong><\/div>\n<\/td>\n<td rowspan=\"1\" align=\"left\" valign=\"top\">\n<div class=\"para\">0,12\u00a0vatios (apagado manual), 3,12\u00a0vatios (lista), 0,75\u00a0vatios (suspensi\u00f3n)<\/div>\n<\/td>\n<\/tr>\n<\/tbody>\n<\/table>\n<table class=\"table table-bordered table-steps\">\n<tbody valign=\"top\">\n<tr>\n<td rowspan=\"1\" align=\"left\" valign=\"top\">\n<div class=\"para\"><strong class=\"bold\">N\u00famero de cartuchos de impresi\u00f3n<\/strong><\/div>\n<\/td>\n<td rowspan=\"1\" align=\"left\" valign=\"top\">\n<div class=\"para\">4 (cada 1 botella negra, juego de 3 botellas de color)<\/div>\n<\/td>\n<\/tr>\n<tr>\n<td rowspan=\"1\" align=\"left\" valign=\"top\">\n<div class=\"para\"><strong class=\"bold\">Cartuchos de reemplazo<\/strong><\/div>\n<\/td>\n<td rowspan=\"1\" align=\"left\" valign=\"top\">\n<div class=\"para\">Botella de tinta original HP GT53 de 90\u00a0ml negra 1VV22AL; botella de tinta original HP GT52 cian M0H54AL; Botella de tinta original HP GT52 magenta M0H55AL; Botella de tinta original HP GT52 amarilla M0H56AL; Pack de 3 botellas de tinta original HP GT52 cian\/magenta\/amarilla X4E44AL. Obtenga m\u00e1s informaci\u00f3n sobre el llenado y rendimiento en\u00a0<a href=\"http:\/\/www.hp.com\/go\/learnaboutsupplies\" target=\"_blank\" rel=\"noopener\">http:\/\/www.hp.com\/go\/learnaboutsupplies<\/a>.<\/div>\n<\/td>\n<\/tr>\n<\/tbody>\n<\/table>\n<table class=\"table table-bordered table-steps\">\n<tbody valign=\"top\">\n<tr>\n<td rowspan=\"1\" align=\"left\" valign=\"top\">\n<div class=\"para\"><strong class=\"bold\">Tecnolog\u00eda de impresi\u00f3n<\/strong><\/div>\n<\/td>\n<td rowspan=\"1\" align=\"left\" valign=\"top\">\n<div class=\"para\">Inyecci\u00f3n t\u00e9rmica de tinta HP<\/div>\n<\/td>\n<\/tr>\n<tr>\n<td rowspan=\"1\" align=\"left\" valign=\"top\">\n<div class=\"para\"><strong class=\"bold\">Impresi\u00f3n a doble cara<\/strong><\/div>\n<\/td>\n<td rowspan=\"1\" align=\"left\" valign=\"top\">\n<div class=\"para\">Manual (soporte para controlador suministrado)<\/div>\n<\/td>\n<\/tr>\n<tr>\n<td rowspan=\"1\" align=\"left\" valign=\"top\">\n<div class=\"para\"><strong class=\"bold\">Velocidad de impresi\u00f3n (en negro, borrador, carta)<\/strong><\/div>\n<\/td>\n<td rowspan=\"1\" align=\"left\" valign=\"top\">\n<div class=\"para\">Hasta 22 ppm<\/div>\n<\/td>\n<\/tr>\n<tr>\n<td rowspan=\"1\" align=\"left\" valign=\"top\">\n<div class=\"para\"><strong class=\"bold\">Velocidad de impresi\u00f3n (en color, borrador, carta)<\/strong><\/div>\n<\/td>\n<td rowspan=\"1\" align=\"left\" valign=\"top\">\n<div class=\"para\">Hasta 16 ppm<\/div>\n<\/td>\n<\/tr>\n<tr>\n<td rowspan=\"1\" align=\"left\" valign=\"top\">\n<div class=\"para\"><strong class=\"bold\">Velocidad de impresi\u00f3n monocrom\u00e1tica (ISO)<\/strong><\/div>\n<\/td>\n<td rowspan=\"1\" align=\"left\" valign=\"top\">\n<div class=\"para\">Hasta 11 ppm<\/div>\n<\/td>\n<\/tr>\n<tr>\n<td rowspan=\"1\" align=\"left\" valign=\"top\">\n<div class=\"para\"><strong class=\"bold\">Velocidad de impresi\u00f3n color (ISO)<\/strong><\/div>\n<\/td>\n<td rowspan=\"1\" align=\"left\" valign=\"top\">\n<div class=\"para\">Hasta 5 ppm<\/div>\n<\/td>\n<\/tr>\n<tr>\n<td rowspan=\"1\" align=\"left\" valign=\"top\">\n<div class=\"para\"><strong class=\"bold\">Resoluci\u00f3n de impresi\u00f3n (la mejor)<\/strong><\/div>\n<\/td>\n<td rowspan=\"1\" align=\"left\" valign=\"top\">\n<div class=\"para\">Hasta 1200 x 1200 ppp de reproducci\u00f3n<\/div>\n<\/td>\n<\/tr>\n<tr>\n<td rowspan=\"1\" align=\"left\" valign=\"top\">\n<div class=\"para\"><strong class=\"bold\">\u00c1rea m\u00e1xima de impresi\u00f3n (sistema m\u00e9trico)<\/strong><\/div>\n<\/td>\n<td rowspan=\"1\" align=\"left\" valign=\"top\">\n<div class=\"para\">216 x 355 mm<\/div>\n<\/td>\n<\/tr>\n<tr>\n<td rowspan=\"1\" align=\"left\" valign=\"top\">\n<div class=\"para\"><strong class=\"bold\">Ciclo de trabajo mensual<\/strong><\/div>\n<\/td>\n<td rowspan=\"1\" align=\"left\" valign=\"top\">\n<div class=\"para\">Hasta 1000 p\u00e1ginas<\/div>\n<\/td>\n<\/tr>\n<tr>\n<td rowspan=\"1\" align=\"left\" valign=\"top\">\n<div class=\"para\"><strong class=\"bold\">Lenguajes de impresi\u00f3n<\/strong><\/div>\n<\/td>\n<td rowspan=\"1\" align=\"left\" valign=\"top\">\n<div class=\"para\">HP PCL 3 GUI<\/div>\n<\/td>\n<\/tr>\n<\/tbody>\n<\/table>\n<\/body>","protected":false},"excerpt":{"rendered":"<div class=\"woocommerce-product-details__short-description\">\n<p>M\u00e1xima Libertad de Impresi\u00f3n. Para altos vol\u00famenes a ultra bajo costo. Incluye botellas de tinta para imprimir hasta 12.000 p\u00e1ginas.<\/p>\n<\/div>\n","protected":false},"featured_media":475,"comment_status":"open","ping_status":"closed","template":"","meta":{"om_disable_all_campaigns":false},"product_brand":[],"product_cat":[137,58],"product_tag":[],"class_list":{"0":"post-463","1":"product","2":"type-product","3":"status-publish","4":"has-post-thumbnail","6":"product_cat-hp-impresoras","7":"product_cat-impresoras","8":"thunk-woo-product-list","9":"opn-qv-enable","10":"open-woo-hover-zoom","11":"open-single-product-tab-horizontal","12":"open-shadow-","13":"open-shadow-hover-","15":"first","16":"instock","17":"sale","18":"shipping-taxable","19":"purchasable","20":"product-type-simple"},"_links":{"self":[{"href":"https:\/\/jesteck.com\/Tienda\/wp-json\/wp\/v2\/product\/463","targetHints":{"allow":["GET"]}}],"collection":[{"href":"https:\/\/jesteck.com\/Tienda\/wp-json\/wp\/v2\/product"}],"about":[{"href":"https:\/\/jesteck.com\/Tienda\/wp-json\/wp\/v2\/types\/product"}],"replies":[{"embeddable":true,"href":"https:\/\/jesteck.com\/Tienda\/wp-json\/wp\/v2\/comments?post=463"}],"wp:featuredmedia":[{"embeddable":true,"href":"https:\/\/jesteck.com\/Tienda\/wp-json\/wp\/v2\/media\/475"}],"wp:attachment":[{"href":"https:\/\/jesteck.com\/Tienda\/wp-json\/wp\/v2\/media?parent=463"}],"wp:term":[{"taxonomy":"product_brand","embeddable":true,"href":"https:\/\/jesteck.com\/Tienda\/wp-json\/wp\/v2\/product_brand?post=463"},{"taxonomy":"product_cat","embeddable":true,"href":"https:\/\/jesteck.com\/Tienda\/wp-json\/wp\/v2\/product_cat?post=463"},{"taxonomy":"product_tag","embeddable":true,"href":"https:\/\/jesteck.com\/Tienda\/wp-json\/wp\/v2\/product_tag?post=463"}],"curies":[{"name":"wp","href":"https:\/\/api.w.org\/{rel}","templated":true}]}}