{"id":436,"date":"2022-02-01T17:55:57","date_gmt":"2022-02-01T22:55:57","guid":{"rendered":"https:\/\/jesteck.com\/Tienda\/?post_type=product&#038;p=436"},"modified":"2023-09-21T11:04:52","modified_gmt":"2023-09-21T16:04:52","slug":"impresora-todo-en-uno-hp-smart-tank-519-inalambrica","status":"publish","type":"product","link":"https:\/\/jesteck.com\/Tienda\/producto\/impresora-todo-en-uno-hp-smart-tank-519-inalambrica\/","title":{"rendered":"Impresora Todo-en-Uno HP Smart Tank 519 inal\u00e1mbrica"},"content":{"rendered":"<body><table>\n<tbody>\n<tr>\n<td width=\"283\">FUNCIONES<\/td>\n<td width=\"283\">Imprimir, escanear, copiar, inal\u00e1mbrica<\/td>\n<\/tr>\n<tr>\n<td width=\"283\">COMPATIBILIDAD CON VARIAS TAREAS<\/td>\n<td width=\"283\">No<\/td>\n<\/tr>\n<tr>\n<td width=\"283\">VELOCIDAD DE IMPRESI\u00d3N MONOCROM\u00c1TICA (ISO, A4)<\/td>\n<td width=\"283\">Hasta 11 ppm<\/td>\n<\/tr>\n<tr>\n<td width=\"283\">VELOCIDAD DE IMPRESI\u00d3N EN COLOR (ISO, A4)<\/td>\n<td width=\"283\">Hasta 5 ppm<\/td>\n<\/tr>\n<tr>\n<td width=\"283\">CICLO DE TRABAJO (MENSUAL, A4)<\/td>\n<td width=\"283\">Hasta 1000 p\u00e1ginas<\/td>\n<\/tr>\n<tr>\n<td width=\"283\">VOLUMEN DE P\u00c1GINAS MENSUALES RECOMENDADO<\/td>\n<td width=\"283\">400 a 800<\/td>\n<\/tr>\n<tr>\n<td width=\"283\">TECNOLOG\u00cdA DE IMPRESI\u00d3N<\/td>\n<td width=\"283\">Inyecci\u00f3n t\u00e9rmica de tinta HP<\/td>\n<\/tr>\n<tr>\n<td width=\"283\">CALIDAD DE IMPRESI\u00d3N EN NEGRO (\u00d3PTIMA)<\/td>\n<td width=\"283\">Negro: Hasta 1200 x 1200 ppp de reproducci\u00f3n Color: Hasta 4800 x 1200 dpi color optimizados<\/td>\n<\/tr>\n<tr>\n<td width=\"283\">PANTALLA<\/td>\n<td width=\"283\">Pantalla de 7 segmentos + \u00edcono de 5,08 cm (2\u2033)<\/td>\n<\/tr>\n<tr>\n<td width=\"283\">VELOCIDAD DEL PROCESADOR<\/td>\n<td width=\"283\">800 MHz<\/td>\n<\/tr>\n<tr>\n<td width=\"283\">N\u00daMERO DE CARTUCHOS DE IMPRESI\u00d3N<\/td>\n<td width=\"283\">4 (cada 1 botella negra, juego de 3 botellas de color)<\/td>\n<\/tr>\n<tr>\n<td width=\"283\">LENGUAJES DE IMPRESI\u00d3N<\/td>\n<td width=\"283\">HP PCL 3 GUI<\/td>\n<\/tr>\n<tr>\n<td width=\"283\">SENSOR DE PAPEL AUTOM\u00c1TICO<\/td>\n<td width=\"283\">No<\/td>\n<\/tr>\n<tr>\n<td width=\"283\">CARTUCHOS DE SUSTITUCI\u00d3N<\/td>\n<td width=\"283\">Botella de tinta original HP GT53 de 90 ml negra 1VV22AL; botella de tinta original HP GT52 cian M0H54AL; Botella de tinta original HP GT52 magenta M0H55AL; Botella de tinta original HP GT52 amarilla M0H56AL; Pack de 3 botellas de tinta original HP GT52 cian\/magenta\/amarilla, X4E44AL.<\/td>\n<\/tr>\n<tr>\n<td width=\"283\">CAPACIDAD INAL\u00c1MBRICA<\/td>\n<td width=\"283\">S\u00ed, Wifi 802.11b\/g\/n de doble banda, impresi\u00f3n directa inal\u00e1mbrica y BLE incorporados<\/td>\n<\/tr>\n<tr>\n<td width=\"283\">CONECTIVIDAD, EST\u00c1NDAR<\/td>\n<td width=\"283\">USB 2.0 de alta velocidad, Wi-Fi, Bluetooth LE<\/td>\n<\/tr>\n<tr>\n<td width=\"283\">REQUISITOS M\u00cdNIMOS DEL SISTEMA<\/td>\n<td width=\"283\">Windows 10, 8.1, 8, 7: 32 bits o 64 bits, 2 GB de espacio disponible en el disco duro, conexi\u00f3n a Internet, puerto USB, Internet Explorer. OS X v10.11 El Capit\u00e1n y versiones posteriores, acceso a Internet<\/td>\n<\/tr>\n<tr>\n<td width=\"283\">SISTEMAS OPERATIVOS COMPATIBLES<\/td>\n<td width=\"283\">Windows 10, Windows 8.1, Windows 8, Windows 7; OS X v10.11 El Capitan, macOS Sierra v10.12 (anteriormente OS X), macOS High Sierra v10.13, macOS Mojave v10.14 Windows 10, Windows 8.1, Windows 8, Windows 7; OS X v10.11 El Capitan, macOS Sierra v10.12 (anteriormente OS X), macOS High Sierra v10.13, macOS Mojave v10.14<\/td>\n<\/tr>\n<tr>\n<td width=\"283\">MEMORIA, EST\u00c1NDAR<\/td>\n<td width=\"283\">256 MB; Memoria integrada<\/td>\n<\/tr>\n<tr>\n<td width=\"283\">MEMORIA M\u00c1XIMA<\/td>\n<td width=\"283\">256 MB<\/td>\n<\/tr>\n<tr>\n<td width=\"283\">CONTROLADORES DE IMPRESORA INCLUIDOS<\/td>\n<td width=\"283\">HP PCL 3 GUI<\/td>\n<\/tr>\n<\/tbody>\n<\/table>\n<p>consultar en la pagina oficial <a href=\"https:\/\/www.hp.com\/ec-es\/printers\/product-details\/product-specifications\/23394944\">https:\/\/www.hp.com\/ec-es\/printers\/product-details\/product-specifications\/23394944<\/a><\/p>\n<\/body>","protected":false},"excerpt":{"rendered":"<p>Impresi\u00f3n de tanque de tinta de alta calidad con conexiones m\u00e1s veloces e impresi\u00f3n m\u00f3vil sencilla.<\/p>\n<p class=\"securityMessage\">Impresora apta para seguridad din\u00e1mica. Destinada solo al uso con cartuchos que usen un chip original HP. Los cartuchos que usan un chip de otro fabricante podr\u00edan no funcionar y los que funcionen, podr\u00edan no hacerlo en el futuro.<\/p>\n","protected":false},"featured_media":446,"comment_status":"open","ping_status":"closed","template":"","meta":{"om_disable_all_campaigns":false},"product_brand":[],"product_cat":[137,58],"product_tag":[138,73],"class_list":{"0":"post-436","1":"product","2":"type-product","3":"status-publish","4":"has-post-thumbnail","6":"product_cat-hp-impresoras","7":"product_cat-impresoras","8":"product_tag-hp","9":"product_tag-impresora","10":"thunk-woo-product-list","11":"opn-qv-enable","12":"open-woo-hover-zoom","13":"open-single-product-tab-horizontal","14":"open-shadow-","15":"open-shadow-hover-","17":"first","18":"instock","19":"sale","20":"shipping-taxable","21":"purchasable","22":"product-type-simple"},"_links":{"self":[{"href":"https:\/\/jesteck.com\/Tienda\/wp-json\/wp\/v2\/product\/436","targetHints":{"allow":["GET"]}}],"collection":[{"href":"https:\/\/jesteck.com\/Tienda\/wp-json\/wp\/v2\/product"}],"about":[{"href":"https:\/\/jesteck.com\/Tienda\/wp-json\/wp\/v2\/types\/product"}],"replies":[{"embeddable":true,"href":"https:\/\/jesteck.com\/Tienda\/wp-json\/wp\/v2\/comments?post=436"}],"wp:featuredmedia":[{"embeddable":true,"href":"https:\/\/jesteck.com\/Tienda\/wp-json\/wp\/v2\/media\/446"}],"wp:attachment":[{"href":"https:\/\/jesteck.com\/Tienda\/wp-json\/wp\/v2\/media?parent=436"}],"wp:term":[{"taxonomy":"product_brand","embeddable":true,"href":"https:\/\/jesteck.com\/Tienda\/wp-json\/wp\/v2\/product_brand?post=436"},{"taxonomy":"product_cat","embeddable":true,"href":"https:\/\/jesteck.com\/Tienda\/wp-json\/wp\/v2\/product_cat?post=436"},{"taxonomy":"product_tag","embeddable":true,"href":"https:\/\/jesteck.com\/Tienda\/wp-json\/wp\/v2\/product_tag?post=436"}],"curies":[{"name":"wp","href":"https:\/\/api.w.org\/{rel}","templated":true}]}}