{"id":371,"date":"2022-01-26T00:43:32","date_gmt":"2022-01-26T00:43:32","guid":{"rendered":"https:\/\/jesteck.com\/Tienda\/?post_type=product&#038;p=371"},"modified":"2022-01-26T00:43:33","modified_gmt":"2022-01-26T00:43:33","slug":"fire-tv-stick-con-alexa-voice-remote-incluye-control-de-tv-dispositivo-de-streaming-en-full-hd","status":"publish","type":"product","link":"https:\/\/jesteck.com\/Tienda\/producto\/fire-tv-stick-con-alexa-voice-remote-incluye-control-de-tv-dispositivo-de-streaming-en-full-hd\/","title":{"rendered":"Fire TV Stick con Alexa Voice Remote (incluye control de TV), Dispositivo de streaming en Full HD"},"content":{"rendered":"<body><ul class=\"a-unordered-list a-vertical a-spacing-mini\">\n<li><span class=\"a-list-item\">La m\u00e1s reciente generaci\u00f3n de nuestro dispositivo Fire TV m\u00e1s vendido: 50 % m\u00e1s potente que la 2.\u00aa generaci\u00f3n, para un streaming r\u00e1pido en Full HD. Incluye Alexa Voice Remote con botones de encendido y volumen.<\/span><\/li>\n<li><span class=\"a-list-item\">Entretenimiento sin fin: ve por streaming m\u00e1s de un mill\u00f3n de pel\u00edculas y episodios de series. Podr\u00e1s ver tu contenido favorito en Netflix, Prime Video, Disney+, Peacock y m\u00e1s, adem\u00e1s de escuchar millones de canciones. Es posible que se apliquen cargos por suscripci\u00f3n.<\/span><\/li>\n<li><span class=\"a-list-item\">Televisi\u00f3n en vivo: mira tus programas de televisi\u00f3n, noticias, y deportes favoritos en vivo, con suscripciones a SLING TV, YouTube TV, entre otros. Utiliza el bot\u00f3n de gu\u00eda para ver qu\u00e9 est\u00e1 disponible y cu\u00e1ndo.<\/span><\/li>\n<li><span class=\"a-list-item\">Televisi\u00f3n gratuita: accede a m\u00e1s de 200 000 pel\u00edculas y programas de televisi\u00f3n gratuitos, desde aplicaciones como IMDb TV, Tubi, Pluto TV y m\u00e1s.<\/span><\/li>\n<li><span class=\"a-list-item\">Escucha m\u00fasica: reproduce m\u00fasica desde Amazon Music, Spotify, Pandora, y otros. Pueden aplicarse tarifas de suscripci\u00f3n.<\/span><\/li>\n<li><span class=\"a-list-item\">Menos desorden, m\u00e1s control: Alexa Voice Remote busca y reproduce programas de distintas aplicaciones por medio de tu voz. Los nuevos botones preestablecidos te llevar\u00e1n a tus aplicaciones favoritas r\u00e1pidamente. Adem\u00e1s, controla el encendido y el volumen de tu TV y barra de sonido, con un solo control remoto.<\/span><\/li>\n<li><span class=\"a-list-item\">Audio de cine en casa con Dolby Atmos: siente que las escenas cobran vida con el audio envolvente Dolby Atmos en t\u00edtulos seleccionados, con sistemas de audio en casa compatibles.<\/span><\/li>\n<\/ul>\n<\/body>","protected":false},"excerpt":{"rendered":"<p>La m\u00e1s reciente generaci\u00f3n de nuestro dispositivo Fire TV m\u00e1s vendido: 50 % m\u00e1s potente que la 2.\u00aa generaci\u00f3n, para un streaming r\u00e1pido en Full HD. Incluye Alexa Voice Remote con botones de encendido y volumen. Entretenimiento sin fin: ve por streaming m\u00e1s de un mill\u00f3n de pel\u00edculas y episodios de series. Podr\u00e1s ver tu &hellip;<\/p>\n<p class=\"read-more\"> <a class=\" thunk-readmore button \" href=\"https:\/\/jesteck.com\/Tienda\/producto\/fire-tv-stick-con-alexa-voice-remote-incluye-control-de-tv-dispositivo-de-streaming-en-full-hd\/\"> <span class=\"screen-reader-text\">Fire TV Stick con Alexa Voice Remote (incluye control de TV), Dispositivo de streaming en Full HD<\/span>Leer m\u00e1s<\/a><\/p>\n","protected":false},"featured_media":372,"comment_status":"open","ping_status":"closed","template":"","meta":{"om_disable_all_campaigns":false},"product_brand":[],"product_cat":[87,86],"product_tag":[88,90,89],"class_list":{"0":"post-371","1":"product","2":"type-product","3":"status-publish","4":"has-post-thumbnail","6":"product_cat-amazon","7":"product_cat-streaming","8":"product_tag-alexa","9":"product_tag-fire-tv","10":"product_tag-streaming","11":"thunk-woo-product-list","12":"opn-qv-enable","13":"open-woo-hover-zoom","14":"open-single-product-tab-horizontal","15":"open-shadow-","16":"open-shadow-hover-","18":"first","19":"instock","20":"sale","21":"shipping-taxable","22":"purchasable","23":"product-type-simple"},"_links":{"self":[{"href":"https:\/\/jesteck.com\/Tienda\/wp-json\/wp\/v2\/product\/371","targetHints":{"allow":["GET"]}}],"collection":[{"href":"https:\/\/jesteck.com\/Tienda\/wp-json\/wp\/v2\/product"}],"about":[{"href":"https:\/\/jesteck.com\/Tienda\/wp-json\/wp\/v2\/types\/product"}],"replies":[{"embeddable":true,"href":"https:\/\/jesteck.com\/Tienda\/wp-json\/wp\/v2\/comments?post=371"}],"wp:featuredmedia":[{"embeddable":true,"href":"https:\/\/jesteck.com\/Tienda\/wp-json\/wp\/v2\/media\/372"}],"wp:attachment":[{"href":"https:\/\/jesteck.com\/Tienda\/wp-json\/wp\/v2\/media?parent=371"}],"wp:term":[{"taxonomy":"product_brand","embeddable":true,"href":"https:\/\/jesteck.com\/Tienda\/wp-json\/wp\/v2\/product_brand?post=371"},{"taxonomy":"product_cat","embeddable":true,"href":"https:\/\/jesteck.com\/Tienda\/wp-json\/wp\/v2\/product_cat?post=371"},{"taxonomy":"product_tag","embeddable":true,"href":"https:\/\/jesteck.com\/Tienda\/wp-json\/wp\/v2\/product_tag?post=371"}],"curies":[{"name":"wp","href":"https:\/\/api.w.org\/{rel}","templated":true}]}}