{"id":348,"date":"2022-01-24T20:56:44","date_gmt":"2022-01-24T20:56:44","guid":{"rendered":"https:\/\/jesteck.com\/Tienda\/?post_type=product&#038;p=348"},"modified":"2022-01-25T18:31:36","modified_gmt":"2022-01-25T18:31:36","slug":"tl-wn725n-adaptador-usb-nano-inalambrico-n-150mbps","status":"publish","type":"product","link":"https:\/\/jesteck.com\/Tienda\/producto\/tl-wn725n-adaptador-usb-nano-inalambrico-n-150mbps\/","title":{"rendered":"TL-WN725N Adaptador USB Nano Wifi-Inal\u00e1mbrico N 150Mbps"},"content":{"rendered":"<body><p>Este producto viene con su p\u00e1gina de descarga de <a href=\"https:\/\/www.tp-link.com\/ec\/support\/download\/tl-wn725n\/\" target=\"_blank\" rel=\"noopener\">drivers<\/a>.<\/p>\n<\/body>","protected":false},"excerpt":{"rendered":"<ul>\n<li>Dise\u00f1o liso y brillante en miniatura tan peque\u00f1o que una vez conectado, puede dejarlo en un puerto USB de la Laptop<\/li>\n<li>R\u00e1pida transmisi\u00f3n de velocidad de hasta 150Mbps ideal para el streaming de video o llamadas por internet<\/li>\n<li>Seguridad avanzada: Soporta 64\/128 WEP, WPA, PA2\/WPA-PSK\/WPA2-PSK(TKIP\/AES)<\/li>\n<li>Con\u00e9ctese de inmediato con la f\u00e1cil utilidad de instalaci\u00f3n en 14 idiomas<\/li>\n<\/ul>\n","protected":false},"featured_media":350,"comment_status":"open","ping_status":"closed","template":"","meta":{"om_disable_all_campaigns":false},"product_brand":[],"product_cat":[67,70,77],"product_tag":[65,71],"class_list":{"0":"post-348","1":"product","2":"type-product","3":"status-publish","4":"has-post-thumbnail","6":"product_cat-laptop","7":"product_cat-pc-2","8":"product_cat-wi-fi","9":"product_tag-laptops","10":"product_tag-pc","11":"thunk-woo-product-list","12":"opn-qv-enable","13":"open-woo-hover-zoom","14":"open-single-product-tab-horizontal","15":"open-shadow-","16":"open-shadow-hover-","18":"first","19":"instock","20":"shipping-taxable","21":"purchasable","22":"product-type-simple"},"_links":{"self":[{"href":"https:\/\/jesteck.com\/Tienda\/wp-json\/wp\/v2\/product\/348","targetHints":{"allow":["GET"]}}],"collection":[{"href":"https:\/\/jesteck.com\/Tienda\/wp-json\/wp\/v2\/product"}],"about":[{"href":"https:\/\/jesteck.com\/Tienda\/wp-json\/wp\/v2\/types\/product"}],"replies":[{"embeddable":true,"href":"https:\/\/jesteck.com\/Tienda\/wp-json\/wp\/v2\/comments?post=348"}],"wp:featuredmedia":[{"embeddable":true,"href":"https:\/\/jesteck.com\/Tienda\/wp-json\/wp\/v2\/media\/350"}],"wp:attachment":[{"href":"https:\/\/jesteck.com\/Tienda\/wp-json\/wp\/v2\/media?parent=348"}],"wp:term":[{"taxonomy":"product_brand","embeddable":true,"href":"https:\/\/jesteck.com\/Tienda\/wp-json\/wp\/v2\/product_brand?post=348"},{"taxonomy":"product_cat","embeddable":true,"href":"https:\/\/jesteck.com\/Tienda\/wp-json\/wp\/v2\/product_cat?post=348"},{"taxonomy":"product_tag","embeddable":true,"href":"https:\/\/jesteck.com\/Tienda\/wp-json\/wp\/v2\/product_tag?post=348"}],"curies":[{"name":"wp","href":"https:\/\/api.w.org\/{rel}","templated":true}]}}