{"id":341,"date":"2022-01-24T19:31:49","date_gmt":"2022-01-25T00:31:49","guid":{"rendered":"https:\/\/jesteck.com\/Tienda\/?post_type=product&#038;p=341"},"modified":"2022-01-31T11:59:07","modified_gmt":"2022-01-31T16:59:07","slug":"memoria-ddr4-acer-8gb-2666mhz-cl19-bl-9bwwa-204","status":"publish","type":"product","link":"https:\/\/jesteck.com\/Tienda\/producto\/memoria-ddr4-acer-8gb-2666mhz-cl19-bl-9bwwa-204\/","title":{"rendered":"Memoria DDR4 Acer 8GB 2666MHZ CL19, BL.9BWWA.204"},"content":{"rendered":"","protected":false},"excerpt":{"rendered":"<p>Memoria RAM:8 GB Tipo de memoria interna:DDR4 Velocidad de memoria del reloj:2666 MHz Dise\u00f1o de memoria (m\u00f3dulos x tama\u00f1o):1 x 8 GB Latencia CAS:19 Voltaje 1.2V<\/p>\n","protected":false},"featured_media":342,"comment_status":"open","ping_status":"closed","template":"","meta":{"om_disable_all_campaigns":false},"product_brand":[],"product_cat":[113,112,105],"product_tag":[65,76],"class_list":{"0":"post-341","1":"product","2":"type-product","3":"status-publish","4":"has-post-thumbnail","6":"product_cat-8-gb-acer","7":"product_cat-acer","8":"product_cat-laptop-ddr4","9":"product_tag-laptops","10":"product_tag-memorias","11":"thunk-woo-product-list","12":"opn-qv-enable","13":"open-woo-hover-zoom","14":"open-single-product-tab-horizontal","15":"open-shadow-","16":"open-shadow-hover-","18":"first","19":"instock","20":"shipping-taxable","21":"purchasable","22":"product-type-simple"},"_links":{"self":[{"href":"https:\/\/jesteck.com\/Tienda\/wp-json\/wp\/v2\/product\/341","targetHints":{"allow":["GET"]}}],"collection":[{"href":"https:\/\/jesteck.com\/Tienda\/wp-json\/wp\/v2\/product"}],"about":[{"href":"https:\/\/jesteck.com\/Tienda\/wp-json\/wp\/v2\/types\/product"}],"replies":[{"embeddable":true,"href":"https:\/\/jesteck.com\/Tienda\/wp-json\/wp\/v2\/comments?post=341"}],"wp:featuredmedia":[{"embeddable":true,"href":"https:\/\/jesteck.com\/Tienda\/wp-json\/wp\/v2\/media\/342"}],"wp:attachment":[{"href":"https:\/\/jesteck.com\/Tienda\/wp-json\/wp\/v2\/media?parent=341"}],"wp:term":[{"taxonomy":"product_brand","embeddable":true,"href":"https:\/\/jesteck.com\/Tienda\/wp-json\/wp\/v2\/product_brand?post=341"},{"taxonomy":"product_cat","embeddable":true,"href":"https:\/\/jesteck.com\/Tienda\/wp-json\/wp\/v2\/product_cat?post=341"},{"taxonomy":"product_tag","embeddable":true,"href":"https:\/\/jesteck.com\/Tienda\/wp-json\/wp\/v2\/product_tag?post=341"}],"curies":[{"name":"wp","href":"https:\/\/api.w.org\/{rel}","templated":true}]}}