{"id":274,"date":"2022-01-21T20:05:52","date_gmt":"2022-01-21T20:05:52","guid":{"rendered":"https:\/\/jesteck.com\/Tienda\/?post_type=product&#038;p=274"},"modified":"2023-10-12T10:16:32","modified_gmt":"2023-10-12T15:16:32","slug":"disco-duro-estado-solido-480gb-kingston-a400-interno","status":"publish","type":"product","link":"https:\/\/jesteck.com\/Tienda\/producto\/disco-duro-estado-solido-480gb-kingston-a400-interno\/","title":{"rendered":"Disco Duro Estado S\u00f3lido 480GB &#8211; KINGSTON &#8211; A400 &#8211; Interno"},"content":{"rendered":"<body><table style=\"height: 102px;\" width=\"450\">\n<tbody>\n<tr>\n<td>\n<div class=\"pr0 items-stretch vtex-flex-layout-0-x-stretchChildrenWidth flex\">\n<div class=\"vtex-flex-layout-0-x-flexCol vtex-flex-layout-0-x-flexCol--productSpecificationName ml0 mr0 pl0 pr0 flex flex-column h-100 w-100\">\n<div class=\"vtex-flex-layout-0-x-flexColChild vtex-flex-layout-0-x-flexColChild--productSpecificationName pb0\"><span class=\"vtex-product-specifications-1-x-specificationName\" data-specification-group=\"Especificaciones\" data-specification-name=\"Marca\">Marca<\/span><\/div>\n<\/div>\n<\/div>\n<\/td>\n<td><strong>Kingston<\/strong><\/td>\n<\/tr>\n<tr>\n<td>Capacidad<\/td>\n<td>480GB<\/td>\n<\/tr>\n<tr>\n<td>Modelo<\/td>\n<td>A400<\/td>\n<\/tr>\n<\/tbody>\n<\/table>\n<p>\u00a0<\/p>\n<\/body>","protected":false},"excerpt":{"rendered":"<p>La unidad A400 de estado s\u00f3lido de Kingston ofrece enormes mejoras en la velocidad de respuesta, sin actualizaciones adicionales del hardware. Brinda lapsos de arranque, carga y de transferencia de archivos incre\u00edblemente m\u00e1s breves en comparaci\u00f3n con las unidades de disco duro mec\u00e1nico.<\/p>\n","protected":false},"featured_media":529,"comment_status":"open","ping_status":"closed","template":"","meta":{"om_disable_all_campaigns":false},"product_brand":[],"product_cat":[62,95,67],"product_tag":[66,65],"class_list":{"0":"post-274","1":"product","2":"type-product","3":"status-publish","4":"has-post-thumbnail","6":"product_cat-disco-ssd","7":"product_cat-kingston","8":"product_cat-laptop","9":"product_tag-disco-ssd","10":"product_tag-laptops","11":"thunk-woo-product-list","12":"opn-qv-enable","13":"open-woo-hover-zoom","14":"open-single-product-tab-horizontal","15":"open-shadow-","16":"open-shadow-hover-","18":"first","19":"instock","20":"sale","21":"shipping-taxable","22":"purchasable","23":"product-type-simple"},"_links":{"self":[{"href":"https:\/\/jesteck.com\/Tienda\/wp-json\/wp\/v2\/product\/274","targetHints":{"allow":["GET"]}}],"collection":[{"href":"https:\/\/jesteck.com\/Tienda\/wp-json\/wp\/v2\/product"}],"about":[{"href":"https:\/\/jesteck.com\/Tienda\/wp-json\/wp\/v2\/types\/product"}],"replies":[{"embeddable":true,"href":"https:\/\/jesteck.com\/Tienda\/wp-json\/wp\/v2\/comments?post=274"}],"wp:featuredmedia":[{"embeddable":true,"href":"https:\/\/jesteck.com\/Tienda\/wp-json\/wp\/v2\/media\/529"}],"wp:attachment":[{"href":"https:\/\/jesteck.com\/Tienda\/wp-json\/wp\/v2\/media?parent=274"}],"wp:term":[{"taxonomy":"product_brand","embeddable":true,"href":"https:\/\/jesteck.com\/Tienda\/wp-json\/wp\/v2\/product_brand?post=274"},{"taxonomy":"product_cat","embeddable":true,"href":"https:\/\/jesteck.com\/Tienda\/wp-json\/wp\/v2\/product_cat?post=274"},{"taxonomy":"product_tag","embeddable":true,"href":"https:\/\/jesteck.com\/Tienda\/wp-json\/wp\/v2\/product_tag?post=274"}],"curies":[{"name":"wp","href":"https:\/\/api.w.org\/{rel}","templated":true}]}}