{"id":32,"date":"2022-01-21T16:40:26","date_gmt":"2022-01-21T16:40:26","guid":{"rendered":"https:\/\/jesteck.com\/Tienda\/home\/"},"modified":"2022-01-24T17:23:54","modified_gmt":"2022-01-24T17:23:54","slug":"home","status":"publish","type":"page","link":"https:\/\/jesteck.com\/Tienda\/home\/","title":{"rendered":"Sobre"},"content":{"rendered":"<body>\n<p><strong><a href=\"https:\/\/jesteck.com\/\" target=\"_blank\" rel=\"noreferrer noopener\">Jesteck<\/a><\/strong> se basa en el comercio de los a\u00f1os del 2006, en el mantenimiento de las computadoras que en ese entonces se requer\u00edan m\u00e1s para la ayuda de estos usuarios. Tanto el \u00e9xito que tuvo en reconocimiento de reparos en equipos, se comenz\u00f3 a adoptar por el comercio de este negocio, y a su vez llegaron productos para poder venderlos.<\/p>\n\n\n\n<p>Se ten\u00edan nombres para esta empresa o negocio del comercio, pero llegaron a descartarse en su totalidad por el fracaso que pod\u00eda darse en ese entonces. En el a\u00f1o 2014 y 2018 se tenia pensado en llegar este comercio virtualmente, en plataformas web, pero hubo problemas en el avance de estos sitios web; y se dejo abandonado en el proyecto del sitio web, hasta que otra empresa, tomo nuestra propiedad y uso del dominio web.<\/p>\n\n\n\n<p>Pero en el 2016 se confirmo que <strong>Jesteck Technology<\/strong> ser\u00eda una empresa comercial en localidad. Hasta que nos informaron que el dominio web ya no lo pose\u00eda esa dicha empresa. Y se reanudo este proyecto en el a\u00f1o 2020, pero fue por unos meses que se mantuvo como web de red social, llegando a cambiarse una web de mantenimiento comercial, que se tuvo por unos 8 meses en desarrollo.<\/p>\n\n\n\n<p>Y fue all\u00ed donde naci\u00f3 este servicio empresarial de pel\u00edculas <strong><a href=\"https:\/\/jesteck.com\/Movie\/\" target=\"_blank\" rel=\"noreferrer noopener\">JKMovie<\/a> <\/strong>o <a href=\"https:\/\/jesteck.com\/Movie\/\" target=\"_blank\" rel=\"noreferrer noopener\"><strong>Jesteck Movie<\/strong>,<\/a> llegando en el a\u00f1o 2020 este sitio web de entretenimiento, que apoya al dar los derechos de autor, no lucrando con el material que posean studios de pel\u00edculas, pero el prototipo es una beta, pronto se podr\u00e1 verse los cr\u00e9ditos de estos autores, no es una web publica en promoci\u00f3n, hasta ahora, para tener en cuenta en el apoyo de estos studios.<\/p>\n\n\n\n<p>La empresa <strong><a href=\"https:\/\/jesteck.com\/News\" target=\"_blank\" rel=\"noreferrer noopener\">Jesteck News<\/a><\/strong> se mantuvo en perfil de mantenimiento del a\u00f1o 2020, pero no se bas\u00f3 en php para mayor distribuci\u00f3n, ya que solo era un archivo html, donde solo se visualizaba y no se interactuaba, hasta que se lanz\u00f3 oficial en el a\u00f1o 2021, como fuentes de noticias en <strong><a href=\"https:\/\/news.google.com\/publications\/CAAqBwgKMLKQrAswr5vEAw\" target=\"_blank\" rel=\"noreferrer noopener\">Google News<\/a><\/strong>, para todo los gamers, trayendo contenido oficial y fuente confiable para todos los amantes de los videojuegos.<\/p>\n\n\n\n<p>En el mismo a\u00f1o se vio un gran avance en la empresa dando una funcionalidad por el mes de diciembre de ese mismo a\u00f1o, cambiando por primera vez el comercio web de la empresa <strong><a href=\"https:\/\/jesteck.com\/\" target=\"_blank\" rel=\"noreferrer noopener\">Jesteck<\/a>, <\/strong>hasta que se dio por apertura completa en diferentes secciones en esta empresa Jesteck como la madre de todas las empresas que pose\u00edan este nombre, como lo era <strong><a href=\"https:\/\/jesteck.com\/News\" target=\"_blank\" rel=\"noreferrer noopener\">Jesteck News<\/a><\/strong>, <strong><a href=\"https:\/\/jesteck.com\/Movie\/\" target=\"_blank\" rel=\"noreferrer noopener\">Jesteck Movie<\/a><\/strong> y <strong>otras m\u00e1s.<\/strong><\/p>\n\n\n\n<p>Por ahora <strong>Jesteck Games<\/strong> esta en progreso, no se esta definiendo de todo claro, pero ser\u00e1 como un grupo y un establecimiento como Cyber Gaming, no se tiene fecha de como empezar\u00e1 este proyecto, pero con su apoyo <strong><a href=\"https:\/\/jesteck.com\/\" target=\"_blank\" rel=\"noreferrer noopener\">Jesteck<\/a> <\/strong>seguir\u00e1 progresando completamente y podr\u00e1s enterarte de nuestras fuentes de noticias.<\/p>\n<\/body>","protected":false},"excerpt":{"rendered":"<p>Jesteck se basa en el comercio de los a\u00f1os del 2006, en el mantenimiento de las computadoras que en ese entonces se requer\u00edan m\u00e1s para la ayuda de estos usuarios. Tanto el \u00e9xito que tuvo en reconocimiento de reparos en equipos, se comenz\u00f3 a adoptar por el comercio de este negocio, y a su vez &hellip;<\/p>\n<p class=\"read-more\"> <a class=\" thunk-readmore button \" href=\"https:\/\/jesteck.com\/Tienda\/home\/\"> <span class=\"screen-reader-text\">Sobre<\/span>Leer m\u00e1s<\/a><\/p>\n","protected":false},"author":1,"featured_media":0,"parent":0,"menu_order":0,"comment_status":"closed","ping_status":"closed","template":"","meta":{"om_disable_all_campaigns":false,"footnotes":""},"class_list":["post-32","page","type-page","status-publish","hentry","thunk-woo-product-list","opn-qv-enable","open-woo-hover-zoom","open-single-product-tab-horizontal","open-shadow-","open-shadow-hover-"],"_links":{"self":[{"href":"https:\/\/jesteck.com\/Tienda\/wp-json\/wp\/v2\/pages\/32","targetHints":{"allow":["GET"]}}],"collection":[{"href":"https:\/\/jesteck.com\/Tienda\/wp-json\/wp\/v2\/pages"}],"about":[{"href":"https:\/\/jesteck.com\/Tienda\/wp-json\/wp\/v2\/types\/page"}],"author":[{"embeddable":true,"href":"https:\/\/jesteck.com\/Tienda\/wp-json\/wp\/v2\/users\/1"}],"replies":[{"embeddable":true,"href":"https:\/\/jesteck.com\/Tienda\/wp-json\/wp\/v2\/comments?post=32"}],"version-history":[{"count":1,"href":"https:\/\/jesteck.com\/Tienda\/wp-json\/wp\/v2\/pages\/32\/revisions"}],"predecessor-version":[{"id":328,"href":"https:\/\/jesteck.com\/Tienda\/wp-json\/wp\/v2\/pages\/32\/revisions\/328"}],"wp:attachment":[{"href":"https:\/\/jesteck.com\/Tienda\/wp-json\/wp\/v2\/media?parent=32"}],"curies":[{"name":"wp","href":"https:\/\/api.w.org\/{rel}","templated":true}]}}